{"id":355,"date":"2015-12-04T00:39:06","date_gmt":"2015-12-04T00:39:06","guid":{"rendered":"http:\/\/blog.usinainfo.com.br\/?page_id=355"},"modified":"2015-12-04T00:42:04","modified_gmt":"2015-12-04T00:42:04","slug":"homepage","status":"publish","type":"page","link":"https:\/\/www.usinainfo.com.br\/blog\/","title":{"rendered":"Homepage"},"content":{"rendered":"","protected":false},"excerpt":{"rendered":"","protected":false},"author":3,"featured_media":0,"parent":0,"menu_order":0,"comment_status":"closed","ping_status":"closed","template":"home-page.php","meta":{"footnotes":""},"class_list":["post-355","page","type-page","status-publish","hentry"],"yoast_head":"<!-- This site is optimized with the Yoast SEO plugin v25.8 - https:\/\/yoast.com\/wordpress\/plugins\/seo\/ -->\n<title>Arduino, Eletr\u00f4nica e Rob\u00f3tica \u00e9 no Blog da Usinainfo<\/title>\n<meta name=\"description\" content=\"Encontre Dicas de Projetos Arduino, Ferramentas, Eletr\u00f4nica e muito mais na Usinainfo. O melhor conte\u00fado de Rob\u00f3tica e Manuten\u00e7\u00e3o est\u00e1 Aqui!\" \/>\n<meta name=\"robots\" content=\"index, follow, max-snippet:-1, max-image-preview:large, max-video-preview:-1\" \/>\n<link rel=\"canonical\" href=\"https:\/\/www.usinainfo.com.br\/blog\/\" \/>\n<meta property=\"og:locale\" content=\"pt_BR\" \/>\n<meta property=\"og:type\" content=\"article\" \/>\n<meta property=\"og:title\" content=\"Arduino, Eletr\u00f4nica e Rob\u00f3tica \u00e9 no Blog da Usinainfo\" \/>\n<meta property=\"og:description\" content=\"Encontre Dicas de Projetos Arduino, Ferramentas, Eletr\u00f4nica e muito mais na Usinainfo. O melhor conte\u00fado de Rob\u00f3tica e Manuten\u00e7\u00e3o est\u00e1 Aqui!\" \/>\n<meta property=\"og:url\" content=\"https:\/\/www.usinainfo.com.br\/blog\/\" \/>\n<meta property=\"og:site_name\" content=\"Blog Usinainfo\" \/>\n<meta property=\"article:publisher\" content=\"https:\/\/pt-br.facebook.com\/faceusinainfo\/\" \/>\n<meta property=\"article:modified_time\" content=\"2015-12-04T00:42:04+00:00\" \/>\n<meta name=\"twitter:card\" content=\"summary_large_image\" \/>\n<!-- \/ Yoast SEO plugin. -->","yoast_head_json":{"title":"Arduino, Eletr\u00f4nica e Rob\u00f3tica \u00e9 no Blog da Usinainfo","description":"Encontre Dicas de Projetos Arduino, Ferramentas, Eletr\u00f4nica e muito mais na Usinainfo. O melhor conte\u00fado de Rob\u00f3tica e Manuten\u00e7\u00e3o est\u00e1 Aqui!","robots":{"index":"index","follow":"follow","max-snippet":"max-snippet:-1","max-image-preview":"max-image-preview:large","max-video-preview":"max-video-preview:-1"},"canonical":"https:\/\/www.usinainfo.com.br\/blog\/","og_locale":"pt_BR","og_type":"article","og_title":"Arduino, Eletr\u00f4nica e Rob\u00f3tica \u00e9 no Blog da Usinainfo","og_description":"Encontre Dicas de Projetos Arduino, Ferramentas, Eletr\u00f4nica e muito mais na Usinainfo. O melhor conte\u00fado de Rob\u00f3tica e Manuten\u00e7\u00e3o est\u00e1 Aqui!","og_url":"https:\/\/www.usinainfo.com.br\/blog\/","og_site_name":"Blog Usinainfo","article_publisher":"https:\/\/pt-br.facebook.com\/faceusinainfo\/","article_modified_time":"2015-12-04T00:42:04+00:00","twitter_card":"summary_large_image","schema":{"@context":"https:\/\/schema.org","@graph":[{"@type":"WebPage","@id":"https:\/\/www.usinainfo.com.br\/blog\/","url":"https:\/\/www.usinainfo.com.br\/blog\/","name":"Arduino, Eletr\u00f4nica e Rob\u00f3tica \u00e9 no Blog da Usinainfo","isPartOf":{"@id":"https:\/\/www.usinainfo.com.br\/blog\/#website"},"datePublished":"2015-12-04T00:39:06+00:00","dateModified":"2015-12-04T00:42:04+00:00","description":"Encontre Dicas de Projetos Arduino, Ferramentas, Eletr\u00f4nica e muito mais na Usinainfo. O melhor conte\u00fado de Rob\u00f3tica e Manuten\u00e7\u00e3o est\u00e1 Aqui!","breadcrumb":{"@id":"https:\/\/www.usinainfo.com.br\/blog\/#breadcrumb"},"inLanguage":"pt-BR","potentialAction":[{"@type":"ReadAction","target":["https:\/\/www.usinainfo.com.br\/blog\/"]}]},{"@type":"BreadcrumbList","@id":"https:\/\/www.usinainfo.com.br\/blog\/#breadcrumb","itemListElement":[{"@type":"ListItem","position":1,"name":"In\u00edcio","item":"https:\/\/www.usinainfo.com.br\/blog\/"},{"@type":"ListItem","position":2,"name":"Homepage"}]},{"@type":"WebSite","@id":"https:\/\/www.usinainfo.com.br\/blog\/#website","url":"https:\/\/www.usinainfo.com.br\/blog\/","name":"Blog Usinainfo","description":"Usinainfo","potentialAction":[{"@type":"SearchAction","target":{"@type":"EntryPoint","urlTemplate":"https:\/\/www.usinainfo.com.br\/blog\/?s={search_term_string}"},"query-input":{"@type":"PropertyValueSpecification","valueRequired":true,"valueName":"search_term_string"}}],"inLanguage":"pt-BR"}]}},"_links":{"self":[{"href":"https:\/\/www.usinainfo.com.br\/blog\/wp-json\/wp\/v2\/pages\/355","targetHints":{"allow":["GET"]}}],"collection":[{"href":"https:\/\/www.usinainfo.com.br\/blog\/wp-json\/wp\/v2\/pages"}],"about":[{"href":"https:\/\/www.usinainfo.com.br\/blog\/wp-json\/wp\/v2\/types\/page"}],"author":[{"embeddable":true,"href":"https:\/\/www.usinainfo.com.br\/blog\/wp-json\/wp\/v2\/users\/3"}],"replies":[{"embeddable":true,"href":"https:\/\/www.usinainfo.com.br\/blog\/wp-json\/wp\/v2\/comments?post=355"}],"version-history":[{"count":1,"href":"https:\/\/www.usinainfo.com.br\/blog\/wp-json\/wp\/v2\/pages\/355\/revisions"}],"predecessor-version":[{"id":356,"href":"https:\/\/www.usinainfo.com.br\/blog\/wp-json\/wp\/v2\/pages\/355\/revisions\/356"}],"wp:attachment":[{"href":"https:\/\/www.usinainfo.com.br\/blog\/wp-json\/wp\/v2\/media?parent=355"}],"curies":[{"name":"wp","href":"https:\/\/api.w.org\/{rel}","templated":true}]}}